{"id":1403,"date":"2024-06-19T11:56:58","date_gmt":"2024-06-19T11:56:58","guid":{"rendered":"https:\/\/hilgenhaus-raumausstattung.de\/?page_id=1403"},"modified":"2024-06-19T11:57:23","modified_gmt":"2024-06-19T11:57:23","slug":"raumausstatter-polsterei","status":"publish","type":"page","link":"https:\/\/hilgenhaus-raumausstattung.de\/?page_id=1403","title":{"rendered":"Raumausstatter Polsterei"},"content":{"rendered":"\t\t<div data-elementor-type=\"wp-page\" data-elementor-id=\"1403\" class=\"elementor elementor-1403\" data-elementor-post-type=\"page\">\n\t\t\t\t\t\t<section class=\"elementor-section elementor-top-section elementor-element elementor-element-7eab178c elementor-section-boxed elementor-section-height-default elementor-section-height-default\" data-id=\"7eab178c\" data-element_type=\"section\" data-settings=\"{&quot;background_background&quot;:&quot;classic&quot;}\">\n\t\t\t\t\t\t\t<div class=\"elementor-background-overlay\"><\/div>\n\t\t\t\t\t\t\t<div class=\"elementor-container elementor-column-gap-default\">\n\t\t\t\t\t<div class=\"elementor-column elementor-col-100 elementor-top-column elementor-element elementor-element-29d693a1\" data-id=\"29d693a1\" data-element_type=\"column\">\n\t\t\t<div class=\"elementor-widget-wrap elementor-element-populated\">\n\t\t\t\t\t\t<div class=\"elementor-element elementor-element-7331526b elementor-invisible elementor-widget elementor-widget-heading\" data-id=\"7331526b\" data-element_type=\"widget\" data-settings=\"{&quot;_animation&quot;:&quot;fadeIn&quot;,&quot;_animation_delay&quot;:200}\" data-widget_type=\"heading.default\">\n\t\t\t\t<div class=\"elementor-widget-container\">\n\t\t\t<h1 class=\"elementor-heading-title elementor-size-default\">Raumausstatter Polsterei<\/h1>\t\t<\/div>\n\t\t\t\t<\/div>\n\t\t\t\t<div class=\"elementor-element elementor-element-485e0032 elementor-invisible elementor-widget elementor-widget-heading\" data-id=\"485e0032\" data-element_type=\"widget\" data-settings=\"{&quot;_animation&quot;:&quot;fadeIn&quot;,&quot;_animation_delay&quot;:400}\" data-widget_type=\"heading.default\">\n\t\t\t\t<div class=\"elementor-widget-container\">\n\t\t\t<h3 class=\"elementor-heading-title elementor-size-default\">Raumausstattung Hilgenhaus<\/h3>\t\t<\/div>\n\t\t\t\t<\/div>\n\t\t\t\t\t<\/div>\n\t\t<\/div>\n\t\t\t\t\t<\/div>\n\t\t<\/section>\n\t\t\t\t<section class=\"elementor-section elementor-top-section elementor-element elementor-element-e8f54d4 elementor-section-content-middle elementor-section-boxed elementor-section-height-default elementor-section-height-default\" data-id=\"e8f54d4\" data-element_type=\"section\">\n\t\t\t\t\t\t<div class=\"elementor-container elementor-column-gap-default\">\n\t\t\t\t\t<div class=\"elementor-column elementor-col-50 elementor-top-column elementor-element elementor-element-8702529 elementor-invisible\" data-id=\"8702529\" data-element_type=\"column\" data-settings=\"{&quot;animation&quot;:&quot;fadeIn&quot;,&quot;animation_delay&quot;:400}\">\n\t\t\t<div class=\"elementor-widget-wrap elementor-element-populated\">\n\t\t\t\t\t\t<div class=\"elementor-element elementor-element-b64315b elementor-widget__width-auto elementor-widget elementor-widget-heading\" data-id=\"b64315b\" data-element_type=\"widget\" data-widget_type=\"heading.default\">\n\t\t\t\t<div class=\"elementor-widget-container\">\n\t\t\t<h6 class=\"elementor-heading-title elementor-size-default\">Raumausstatter Polsterei<\/h6>\t\t<\/div>\n\t\t\t\t<\/div>\n\t\t\t\t<div class=\"elementor-element elementor-element-41ff7fc elementor-widget elementor-widget-text-editor\" data-id=\"41ff7fc\" data-element_type=\"widget\" data-widget_type=\"text-editor.default\">\n\t\t\t\t<div class=\"elementor-widget-container\">\n\t\t\t\t\t\t\t<p>Als Raumausstatter bei Raumausstattung Hilgenhaus sind wir Ihre Spezialisten f\u00fcr hochwertige Polstereiarbeiten. Mit viel Liebe zum Detail und handwerklicher Pr\u00e4zision verleihen wir Ihren Polsterm\u00f6beln neuen Glanz. Ob klassische Sessel, moderne Sofas oder antike Erbst\u00fccke \u2013 wir bieten ma\u00dfgeschneiderte L\u00f6sungen, die perfekt auf Ihre Bed\u00fcrfnisse und den Stil Ihres Zuhauses abgestimmt sind.<\/p><p>Unser erfahrenes Team verwendet ausschlie\u00dflich erstklassige Materialien, um Langlebigkeit und h\u00f6chsten Komfort zu gew\u00e4hrleisten. Von der Auswahl des passenden Stoffes \u00fcber die Farbberatung bis hin zur professionellen Polsterung \u2013 bei uns erhalten Sie alles aus einer Hand. Wir sorgen daf\u00fcr, dass Ihre M\u00f6bel nicht nur gut aussehen, sondern auch einladend und bequem sind.<\/p>\t\t\t\t\t\t<\/div>\n\t\t\t\t<\/div>\n\t\t\t\t<div class=\"elementor-element elementor-element-2c12a2f elementor-widget elementor-widget-elementskit-dual-button\" data-id=\"2c12a2f\" data-element_type=\"widget\" data-widget_type=\"elementskit-dual-button.default\">\n\t\t\t\t<div class=\"elementor-widget-container\">\n\t\t\t<div class=\"ekit-wid-con\" >\n                <div class=\"ekit-element-align-wrapper\">\n                    <div class=\"ekit_double_button\">                <a class=\"ekit-double-btn ekit-double-btn-one\" href=\"tel:029049999994\">\n                    <i aria-hidden=\"true\" class=\"fas fa-phone-alt\"><\/i>02904 9999 994                <\/a>\n            \n            <a class=\"ekit-double-btn ekit-double-btn-two\" href=\"#termin\">\n                    ANFRAGE SENDEN                <\/a>\n                  <\/div>\n                <\/div>\n            <\/div>\t\t<\/div>\n\t\t\t\t<\/div>\n\t\t\t\t\t<\/div>\n\t\t<\/div>\n\t\t\t\t<div class=\"elementor-column elementor-col-50 elementor-top-column elementor-element elementor-element-628a034 elementor-invisible\" data-id=\"628a034\" data-element_type=\"column\" data-settings=\"{&quot;background_background&quot;:&quot;classic&quot;,&quot;animation&quot;:&quot;fadeInUp&quot;,&quot;animation_delay&quot;:200}\">\n\t\t\t<div class=\"elementor-widget-wrap elementor-element-populated\">\n\t\t\t\t\t\t<div class=\"elementor-element elementor-element-cc3f4b5 elementor-widget elementor-widget-image\" data-id=\"cc3f4b5\" data-element_type=\"widget\" data-widget_type=\"image.default\">\n\t\t\t\t<div class=\"elementor-widget-container\">\n\t\t\t\t\t\t\t\t\t\t\t\t\t<img fetchpriority=\"high\" decoding=\"async\" width=\"600\" height=\"600\" src=\"https:\/\/hilgenhaus-raumausstattung.de\/wp-content\/uploads\/2024\/06\/Untitled-design-2024-06-19T135644.724.png\" class=\"attachment-full size-full wp-image-1404\" alt=\"\" srcset=\"https:\/\/hilgenhaus-raumausstattung.de\/wp-content\/uploads\/2024\/06\/Untitled-design-2024-06-19T135644.724.png 600w, https:\/\/hilgenhaus-raumausstattung.de\/wp-content\/uploads\/2024\/06\/Untitled-design-2024-06-19T135644.724-300x300.png 300w, https:\/\/hilgenhaus-raumausstattung.de\/wp-content\/uploads\/2024\/06\/Untitled-design-2024-06-19T135644.724-150x150.png 150w\" sizes=\"(max-width: 600px) 100vw, 600px\" \/>\t\t\t\t\t\t\t\t\t\t\t\t\t<\/div>\n\t\t\t\t<\/div>\n\t\t\t\t\t<\/div>\n\t\t<\/div>\n\t\t\t\t\t<\/div>\n\t\t<\/section>\n\t\t\t\t<\/div>\n\t\t","protected":false},"excerpt":{"rendered":"<p>Raumausstattung Hilgenhaus Als Raumausstatter bei Raumausstattung Hilgenhaus sind wir Ihre Spezialisten f\u00fcr hochwertige Polstereiarbeiten. Mit viel Liebe zum Detail und handwerklicher Pr\u00e4zision verleihen wir Ihren Polsterm\u00f6beln neuen Glanz. Ob klassische Sessel, moderne Sofas oder antike Erbst\u00fccke \u2013 wir bieten ma\u00dfgeschneiderte L\u00f6sungen, die perfekt auf Ihre Bed\u00fcrfnisse und den Stil Ihres Zuhauses abgestimmt sind. Unser erfahrenes [&hellip;]<\/p>\n","protected":false},"author":1,"featured_media":1404,"parent":0,"menu_order":0,"comment_status":"closed","ping_status":"closed","template":"elementor_header_footer","meta":{"footnotes":""},"yoast_head":"<!-- This site is optimized with the Yoast SEO plugin v24.4 - https:\/\/yoast.com\/wordpress\/plugins\/seo\/ -->\n<title>Raumausstatter Polsterei | Raumausstattung Hilgenhaus<\/title>\n<meta name=\"description\" content=\"Als Raumausstatter bei Raumausstattung Hilgenhaus sind wir Ihre Spezialisten f\u00fcr hochwertige Polstereiarbeiten.\" \/>\n<meta name=\"robots\" content=\"index, follow, max-snippet:-1, max-image-preview:large, max-video-preview:-1\" \/>\n<link rel=\"canonical\" href=\"https:\/\/hilgenhaus-raumausstattung.de\/?page_id=1403\" \/>\n<meta property=\"og:locale\" content=\"de_DE\" \/>\n<meta property=\"og:type\" content=\"article\" \/>\n<meta property=\"og:title\" content=\"Raumausstatter Polsterei\" \/>\n<meta property=\"og:description\" content=\"Als Raumausstatter bei Raumausstattung Hilgenhaus sind wir Ihre Spezialisten f\u00fcr hochwertige Polstereiarbeiten.\" \/>\n<meta property=\"og:url\" content=\"https:\/\/hilgenhaus-raumausstattung.de\/?page_id=1403\" \/>\n<meta property=\"og:site_name\" content=\"Raumausstattung Hilgenhaus\" \/>\n<meta property=\"article:modified_time\" content=\"2024-06-19T11:57:23+00:00\" \/>\n<meta property=\"og:image\" content=\"https:\/\/hilgenhaus-raumausstattung.de\/wp-content\/uploads\/2024\/06\/Untitled-design-2024-06-19T135644.724.png\" \/>\n\t<meta property=\"og:image:width\" content=\"600\" \/>\n\t<meta property=\"og:image:height\" content=\"600\" \/>\n\t<meta property=\"og:image:type\" content=\"image\/png\" \/>\n<meta name=\"twitter:card\" content=\"summary_large_image\" \/>\n<meta name=\"twitter:label1\" content=\"Gesch\u00e4tzte Lesezeit\" \/>\n\t<meta name=\"twitter:data1\" content=\"1\u00a0Minute\" \/>\n<script type=\"application\/ld+json\" class=\"yoast-schema-graph\">{\"@context\":\"https:\/\/schema.org\",\"@graph\":[{\"@type\":\"WebPage\",\"@id\":\"https:\/\/hilgenhaus-raumausstattung.de\/?page_id=1403\",\"url\":\"https:\/\/hilgenhaus-raumausstattung.de\/?page_id=1403\",\"name\":\"Raumausstatter Polsterei | Raumausstattung Hilgenhaus\",\"isPartOf\":{\"@id\":\"https:\/\/hilgenhaus-raumausstattung.de\/#website\"},\"primaryImageOfPage\":{\"@id\":\"https:\/\/hilgenhaus-raumausstattung.de\/?page_id=1403#primaryimage\"},\"image\":{\"@id\":\"https:\/\/hilgenhaus-raumausstattung.de\/?page_id=1403#primaryimage\"},\"thumbnailUrl\":\"https:\/\/hilgenhaus-raumausstattung.de\/wp-content\/uploads\/2024\/06\/Untitled-design-2024-06-19T135644.724.png\",\"datePublished\":\"2024-06-19T11:56:58+00:00\",\"dateModified\":\"2024-06-19T11:57:23+00:00\",\"description\":\"Als Raumausstatter bei Raumausstattung Hilgenhaus sind wir Ihre Spezialisten f\u00fcr hochwertige Polstereiarbeiten.\",\"breadcrumb\":{\"@id\":\"https:\/\/hilgenhaus-raumausstattung.de\/?page_id=1403#breadcrumb\"},\"inLanguage\":\"de\",\"potentialAction\":[{\"@type\":\"ReadAction\",\"target\":[\"https:\/\/hilgenhaus-raumausstattung.de\/?page_id=1403\"]}]},{\"@type\":\"ImageObject\",\"inLanguage\":\"de\",\"@id\":\"https:\/\/hilgenhaus-raumausstattung.de\/?page_id=1403#primaryimage\",\"url\":\"https:\/\/hilgenhaus-raumausstattung.de\/wp-content\/uploads\/2024\/06\/Untitled-design-2024-06-19T135644.724.png\",\"contentUrl\":\"https:\/\/hilgenhaus-raumausstattung.de\/wp-content\/uploads\/2024\/06\/Untitled-design-2024-06-19T135644.724.png\",\"width\":600,\"height\":600},{\"@type\":\"BreadcrumbList\",\"@id\":\"https:\/\/hilgenhaus-raumausstattung.de\/?page_id=1403#breadcrumb\",\"itemListElement\":[{\"@type\":\"ListItem\",\"position\":1,\"name\":\"Home\",\"item\":\"https:\/\/hilgenhaus-raumausstattung.de\/\"},{\"@type\":\"ListItem\",\"position\":2,\"name\":\"Raumausstatter Polsterei\"}]},{\"@type\":\"WebSite\",\"@id\":\"https:\/\/hilgenhaus-raumausstattung.de\/#website\",\"url\":\"https:\/\/hilgenhaus-raumausstattung.de\/\",\"name\":\"Raumausstattung Hilgenhaus\",\"description\":\"Raumausstattung Hilgenhaus \u2013 Wo Stil und Komfort zuhause sind.\",\"potentialAction\":[{\"@type\":\"SearchAction\",\"target\":{\"@type\":\"EntryPoint\",\"urlTemplate\":\"https:\/\/hilgenhaus-raumausstattung.de\/?s={search_term_string}\"},\"query-input\":{\"@type\":\"PropertyValueSpecification\",\"valueRequired\":true,\"valueName\":\"search_term_string\"}}],\"inLanguage\":\"de\"}]}<\/script>\n<!-- \/ Yoast SEO plugin. -->","yoast_head_json":{"title":"Raumausstatter Polsterei | Raumausstattung Hilgenhaus","description":"Als Raumausstatter bei Raumausstattung Hilgenhaus sind wir Ihre Spezialisten f\u00fcr hochwertige Polstereiarbeiten.","robots":{"index":"index","follow":"follow","max-snippet":"max-snippet:-1","max-image-preview":"max-image-preview:large","max-video-preview":"max-video-preview:-1"},"canonical":"https:\/\/hilgenhaus-raumausstattung.de\/?page_id=1403","og_locale":"de_DE","og_type":"article","og_title":"Raumausstatter Polsterei","og_description":"Als Raumausstatter bei Raumausstattung Hilgenhaus sind wir Ihre Spezialisten f\u00fcr hochwertige Polstereiarbeiten.","og_url":"https:\/\/hilgenhaus-raumausstattung.de\/?page_id=1403","og_site_name":"Raumausstattung Hilgenhaus","article_modified_time":"2024-06-19T11:57:23+00:00","og_image":[{"width":600,"height":600,"url":"https:\/\/hilgenhaus-raumausstattung.de\/wp-content\/uploads\/2024\/06\/Untitled-design-2024-06-19T135644.724.png","type":"image\/png"}],"twitter_card":"summary_large_image","twitter_misc":{"Gesch\u00e4tzte Lesezeit":"1\u00a0Minute"},"schema":{"@context":"https:\/\/schema.org","@graph":[{"@type":"WebPage","@id":"https:\/\/hilgenhaus-raumausstattung.de\/?page_id=1403","url":"https:\/\/hilgenhaus-raumausstattung.de\/?page_id=1403","name":"Raumausstatter Polsterei | Raumausstattung Hilgenhaus","isPartOf":{"@id":"https:\/\/hilgenhaus-raumausstattung.de\/#website"},"primaryImageOfPage":{"@id":"https:\/\/hilgenhaus-raumausstattung.de\/?page_id=1403#primaryimage"},"image":{"@id":"https:\/\/hilgenhaus-raumausstattung.de\/?page_id=1403#primaryimage"},"thumbnailUrl":"https:\/\/hilgenhaus-raumausstattung.de\/wp-content\/uploads\/2024\/06\/Untitled-design-2024-06-19T135644.724.png","datePublished":"2024-06-19T11:56:58+00:00","dateModified":"2024-06-19T11:57:23+00:00","description":"Als Raumausstatter bei Raumausstattung Hilgenhaus sind wir Ihre Spezialisten f\u00fcr hochwertige Polstereiarbeiten.","breadcrumb":{"@id":"https:\/\/hilgenhaus-raumausstattung.de\/?page_id=1403#breadcrumb"},"inLanguage":"de","potentialAction":[{"@type":"ReadAction","target":["https:\/\/hilgenhaus-raumausstattung.de\/?page_id=1403"]}]},{"@type":"ImageObject","inLanguage":"de","@id":"https:\/\/hilgenhaus-raumausstattung.de\/?page_id=1403#primaryimage","url":"https:\/\/hilgenhaus-raumausstattung.de\/wp-content\/uploads\/2024\/06\/Untitled-design-2024-06-19T135644.724.png","contentUrl":"https:\/\/hilgenhaus-raumausstattung.de\/wp-content\/uploads\/2024\/06\/Untitled-design-2024-06-19T135644.724.png","width":600,"height":600},{"@type":"BreadcrumbList","@id":"https:\/\/hilgenhaus-raumausstattung.de\/?page_id=1403#breadcrumb","itemListElement":[{"@type":"ListItem","position":1,"name":"Home","item":"https:\/\/hilgenhaus-raumausstattung.de\/"},{"@type":"ListItem","position":2,"name":"Raumausstatter Polsterei"}]},{"@type":"WebSite","@id":"https:\/\/hilgenhaus-raumausstattung.de\/#website","url":"https:\/\/hilgenhaus-raumausstattung.de\/","name":"Raumausstattung Hilgenhaus","description":"Raumausstattung Hilgenhaus \u2013 Wo Stil und Komfort zuhause sind.","potentialAction":[{"@type":"SearchAction","target":{"@type":"EntryPoint","urlTemplate":"https:\/\/hilgenhaus-raumausstattung.de\/?s={search_term_string}"},"query-input":{"@type":"PropertyValueSpecification","valueRequired":true,"valueName":"search_term_string"}}],"inLanguage":"de"}]}},"_links":{"self":[{"href":"https:\/\/hilgenhaus-raumausstattung.de\/index.php?rest_route=\/wp\/v2\/pages\/1403"}],"collection":[{"href":"https:\/\/hilgenhaus-raumausstattung.de\/index.php?rest_route=\/wp\/v2\/pages"}],"about":[{"href":"https:\/\/hilgenhaus-raumausstattung.de\/index.php?rest_route=\/wp\/v2\/types\/page"}],"author":[{"embeddable":true,"href":"https:\/\/hilgenhaus-raumausstattung.de\/index.php?rest_route=\/wp\/v2\/users\/1"}],"replies":[{"embeddable":true,"href":"https:\/\/hilgenhaus-raumausstattung.de\/index.php?rest_route=%2Fwp%2Fv2%2Fcomments&post=1403"}],"version-history":[{"count":0,"href":"https:\/\/hilgenhaus-raumausstattung.de\/index.php?rest_route=\/wp\/v2\/pages\/1403\/revisions"}],"wp:featuredmedia":[{"embeddable":true,"href":"https:\/\/hilgenhaus-raumausstattung.de\/index.php?rest_route=\/wp\/v2\/media\/1404"}],"wp:attachment":[{"href":"https:\/\/hilgenhaus-raumausstattung.de\/index.php?rest_route=%2Fwp%2Fv2%2Fmedia&parent=1403"}],"curies":[{"name":"wp","href":"https:\/\/api.w.org\/{rel}","templated":true}]}}